{"id":253,"date":"2024-12-10T14:47:34","date_gmt":"2024-12-10T13:47:34","guid":{"rendered":"https:\/\/delrosariowebs.com\/?page_id=253"},"modified":"2024-12-11T17:02:23","modified_gmt":"2024-12-11T16:02:23","slug":"juegas-con-nosotros-camino-al-colmado","status":"publish","type":"page","link":"https:\/\/delrosariowebs.com\/index.php\/juegas-con-nosotros-camino-al-colmado\/","title":{"rendered":"Juegas con nosotros Camino al colmado"},"content":{"rendered":"<p>[et_pb_section fb_built=&#8221;1&#8243; fullwidth=&#8221;on&#8221; admin_label=&#8221;Header&#8221; _builder_version=&#8221;4.16&#8243; background_image=&#8221;https:\/\/delrosariowebs.com\/wp-content\/uploads\/2024\/12\/web-dev-03.png&#8221; parallax=&#8221;on&#8221; animation_style=&#8221;fade&#8221; global_colors_info=&#8221;{}&#8221;][et_pb_fullwidth_header title=&#8221;Camino al Colmado&#8221; content_max_width=&#8221;640px&#8221; _builder_version=&#8221;4.23.4&#8243; title_font=&#8221;Akaya Telivigala|900|||||||&#8221; title_text_color=&#8221;#E02B20&#8243; title_font_size=&#8221;53px&#8221; title_line_height=&#8221;1.5em&#8221; content_font=&#8221;||||||||&#8221; content_font_size=&#8221;16px&#8221; content_line_height=&#8221;2em&#8221; background_color=&#8221;rgba(0,0,0,0)&#8221; custom_button_one=&#8221;on&#8221; button_one_text_size=&#8221;14px&#8221; button_one_text_color=&#8221;#ffffff&#8221; button_one_bg_color=&#8221;#0054ff&#8221; button_one_border_width=&#8221;14px&#8221; button_one_border_color=&#8221;rgba(0,0,0,0)&#8221; button_one_border_radius=&#8221;0px&#8221; button_one_letter_spacing=&#8221;2px&#8221; button_one_font=&#8221;|600||on|||||&#8221; button_one_icon=&#8221;&#x39;||divi||400&#8243; button_one_on_hover=&#8221;off&#8221; custom_button_two=&#8221;on&#8221; button_two_text_size=&#8221;14px&#8221; button_two_text_color=&#8221;#0054ff&#8221; button_two_bg_color=&#8221;rgba(255,255,255,0)&#8221; button_two_border_width=&#8221;12px&#8221; button_two_border_color=&#8221;rgba(0,0,0,0)&#8221; button_two_border_radius=&#8221;0px&#8221; button_two_letter_spacing=&#8221;2px&#8221; button_two_font=&#8221;|600||on|||||&#8221; button_two_icon=&#8221;&#x39;||divi||400&#8243; button_two_on_hover=&#8221;off&#8221; background_layout=&#8221;light&#8221; custom_margin=&#8221;|||&#8221; custom_padding=&#8221;7vw|||||&#8221; animation_style=&#8221;zoom&#8221; animation_intensity_zoom=&#8221;-5%&#8221; title_font_size_tablet=&#8221;&#8221; title_font_size_phone=&#8221;25px&#8221; title_font_size_last_edited=&#8221;on|desktop&#8221; box_shadow_style_button_two=&#8221;preset1&#8243; box_shadow_vertical_button_two=&#8221;0px&#8221; box_shadow_blur_button_two=&#8221;0px&#8221; box_shadow_spread_button_two=&#8221;2px&#8221; box_shadow_color_button_two=&#8221;#0054ff&#8221; button_one_letter_spacing_hover=&#8221;2px&#8221; button_two_letter_spacing_hover=&#8221;2px&#8221; global_colors_info=&#8221;{}&#8221; button_one_text_size__hover_enabled=&#8221;off&#8221; button_two_text_size__hover_enabled=&#8221;off&#8221; button_one_text_color__hover_enabled=&#8221;off&#8221; button_two_text_color__hover_enabled=&#8221;off&#8221; button_one_border_width__hover_enabled=&#8221;off&#8221; button_two_border_width__hover_enabled=&#8221;off&#8221; button_one_border_color__hover_enabled=&#8221;off&#8221; button_two_border_color__hover_enabled=&#8221;off&#8221; button_one_border_radius__hover_enabled=&#8221;off&#8221; button_two_border_radius__hover_enabled=&#8221;off&#8221; button_one_letter_spacing__hover_enabled=&#8221;on&#8221; button_one_letter_spacing__hover=&#8221;2px&#8221; button_two_letter_spacing__hover_enabled=&#8221;on&#8221; button_two_letter_spacing__hover=&#8221;2px&#8221; button_one_bg_color__hover_enabled=&#8221;off&#8221; button_two_bg_color__hover_enabled=&#8221;off&#8221;]<\/p>\n<p><span role=\"presentation\" dir=\"ltr\" class=\"textLayer--absolute\">Es un juego interactivo crea experiencias en el usuario que le permiten conocer la idiosincr\u00e1sio de dominicano. Disfrutar\u00e1s las peripecias que vive el dominicano com\u00f9n. No deje probar este juego.<\/span><\/p>\n<p><img loading=\"lazy\" decoding=\"async\" src=\"https:\/\/delrosariowebs.com\/wp-content\/uploads\/2024\/12\/4-In-Game-Screen-El-Camino-al-Colmado-1024x576.jpg\" width=\"1024\" height=\"576\" alt=\"\" class=\"wp-image-275 alignnone size-large\" srcset=\"https:\/\/delrosariowebs.com\/wp-content\/uploads\/2024\/12\/4-In-Game-Screen-El-Camino-al-Colmado-980x551.jpg 980w, https:\/\/delrosariowebs.com\/wp-content\/uploads\/2024\/12\/4-In-Game-Screen-El-Camino-al-Colmado-480x270.jpg 480w\" sizes=\"(min-width: 0px) and (max-width: 480px) 480px, (min-width: 481px) and (max-width: 980px) 980px, (min-width: 981px) 1024px, 100vw\" \/><\/p>\n<p><span role=\"presentation\" dir=\"ltr\" class=\"textLayer--absolute\">Una aventuras en 2D. Vive experiencias <\/span><span role=\"presentation\" dir=\"ltr\" class=\"textLayer--absolute\">cotidianas y culturales y aprende sobre nosostros <\/span><span role=\"presentation\" dir=\"ltr\" class=\"textLayer--absolute\">mientras completa misiones llenas de humor, <\/span><span role=\"presentation\" dir=\"ltr\" class=\"textLayer--absolute\">aprendizaje y diversi\u00f3n.<\/span><\/p>\n<div data-shortcode-id=\"0.2.1.0-1733839603672\" data-quickaccess-id=\"body\" data-quickaccess-editable=\"yes\" class=\"et-fb-popover-tinymce\">\n<div class=\"mce-content-body\" contenteditable=\"true\" style=\"position: relative;\">\n<h4><span role=\"presentation\" dir=\"ltr\" class=\"textLayer--absolute\"><\/span><\/h4>\n<h4><strong><span role=\"presentation\" dir=\"ltr\" class=\"textLayer--absolute\" style=\"color: #e02b20;\">Nivel 1: &#8220;La Lista del Colmado&#8221;<\/span><\/strong><\/h4>\n<p><span role=\"presentation\" dir=\"ltr\" class=\"textLayer--absolute\">El jugador recibe una lista de compras y debe recorrer el barrio recolectando los<\/span><br role=\"presentation\" class=\"textLayer--absolute\" \/><span role=\"presentation\" dir=\"ltr\" class=\"textLayer--absolute\">ingredientes para el sancocho.<\/span><\/p>\n<h4><strong><span style=\"color: #e02b20;\"><span role=\"presentation\" dir=\"ltr\" class=\"textLayer--absolute\">2.<\/span><span role=\"presentation\" dir=\"ltr\" class=\"textLayer--absolute\"> <\/span><span role=\"presentation\" dir=\"ltr\" class=\"textLayer--absolute\">Nivel 2: &#8220;El Festival de la Bachata&#8221;<\/span><\/span><\/strong><\/h4>\n<p>El jugador debe ganar un concurso de baile en la plaza del barrio para conseguir los premios necesarios para la fiesta.<\/p>\n<h4><strong><span role=\"presentation\" dir=\"ltr\" class=\"textLayer--absolute\" style=\"color: #e02b20;\">Nivel 3: &#8220;El Viaje a la Playa&#8221;<\/span><\/strong><\/h4>\n<p><span role=\"presentation\" dir=\"ltr\" class=\"textLayer--absolute\">La misi\u00f3n final es organizar el transporte y recoger a los vecinos para la gran fiesta en <\/span><span role=\"presentation\" dir=\"ltr\" class=\"textLayer--absolute\">una playa cercana.<\/span><\/p>\n<p><span role=\"presentation\" dir=\"ltr\" class=\"textLayer--absolute\"><\/span><\/p>\n<p><span role=\"presentation\" dir=\"ltr\" class=\"textLayer--absolute\"><\/span><\/p>\n<\/div>\n<\/div>\n<p>&nbsp;<\/p>\n<h1 class=\"et_pb_module_header et-fb-editable-element et-fb-editable-element__editing\" data-shortcode-id=\"0.0-1733932524424\" data-quickaccess-id=\"title\" contenteditable=\"true\">Esta es la primera pantalla para iniciar el juego Camino al Colmado<\/h1>\n<p>[\/et_pb_fullwidth_header][et_pb_fullwidth_image src=&#8221;https:\/\/delrosariowebs.com\/wp-content\/uploads\/2024\/12\/2-Main-Menu-El-Camino-al-Colmado-1024&#215;576.jpg&#8221; title_text=&#8221;2 &#8211; Main Menu &#8211; El Camino al Colmado&#8221; _builder_version=&#8221;4.23.4&#8243; min_height=&#8221;100%&#8221; custom_margin=&#8221;-2.2%||||false|false&#8221; custom_padding=&#8221;0px|||||&#8221; animation_style=&#8221;zoom&#8221; animation_direction=&#8221;bottom&#8221; animation_duration=&#8221;1400ms&#8221; animation_intensity_zoom=&#8221;5%&#8221; hover_enabled=&#8221;0&#8243; global_colors_info=&#8221;{}&#8221; sticky_enabled=&#8221;0&#8243;][\/et_pb_fullwidth_image][\/et_pb_section][et_pb_section fb_built=&#8221;1&#8243; admin_label=&#8221;Services&#8221; _builder_version=&#8221;4.16&#8243; global_colors_info=&#8221;{}&#8221;][et_pb_row _builder_version=&#8221;4.16&#8243; custom_padding=&#8221;|||&#8221; global_colors_info=&#8221;{}&#8221;][et_pb_column type=&#8221;4_4&#8243; _builder_version=&#8221;4.16&#8243; custom_padding=&#8221;|||&#8221; global_colors_info=&#8221;{}&#8221; custom_padding__hover=&#8221;|||&#8221;][et_pb_text _builder_version=&#8221;4.23.4&#8243; text_font=&#8221;||||||||&#8221; header_font=&#8221;||||||||&#8221; header_2_font=&#8221;Akaya Kanadaka|600||on|||||&#8221; header_2_text_color=&#8221;#E02B20&#8243; header_2_font_size=&#8221;37px&#8221; header_2_letter_spacing=&#8221;3px&#8221; header_2_line_height=&#8221;1.8em&#8221; header_3_font=&#8221;||||||||&#8221; text_orientation=&#8221;center&#8221; global_colors_info=&#8221;{}&#8221;]<\/p>\n<h2>Estos son los personajes<\/h2>\n<p>[\/et_pb_text][\/et_pb_column][\/et_pb_row][et_pb_row _builder_version=&#8221;4.16&#8243; global_colors_info=&#8221;{}&#8221;][et_pb_column type=&#8221;4_4&#8243; _builder_version=&#8221;4.16&#8243; custom_padding=&#8221;|||&#8221; global_colors_info=&#8221;{}&#8221; custom_padding__hover=&#8221;|||&#8221;][et_pb_image src=&#8221;https:\/\/delrosariowebs.com\/wp-content\/uploads\/2024\/12\/3-Character-Selection-Screen-El-Camino-al-Colmado.jpg&#8221; title_text=&#8221;3 &#8211; Character Selection Screen- El Camino al Colmado&#8221; align=&#8221;right&#8221; align_tablet=&#8221;center&#8221; align_phone=&#8221;center&#8221; align_last_edited=&#8221;on|desktop&#8221; _builder_version=&#8221;4.23.4&#8243; animation_style=&#8221;slide&#8221; animation_direction=&#8221;left&#8221; animation_intensity_slide=&#8221;5%&#8221; global_colors_info=&#8221;{}&#8221;][\/et_pb_image][\/et_pb_column][\/et_pb_row][\/et_pb_section][et_pb_section fb_built=&#8221;1&#8243; admin_label=&#8221;Process Section&#8221; _builder_version=&#8221;4.16&#8243; global_colors_info=&#8221;{}&#8221;][et_pb_row _builder_version=&#8221;4.16&#8243; custom_padding=&#8221;|||&#8221; global_colors_info=&#8221;{}&#8221;][et_pb_column type=&#8221;4_4&#8243; _builder_version=&#8221;4.16&#8243; custom_padding=&#8221;|||&#8221; global_colors_info=&#8221;{}&#8221; custom_padding__hover=&#8221;|||&#8221;][et_pb_text _builder_version=&#8221;4.23.4&#8243; text_font=&#8221;||||||||&#8221; header_font=&#8221;||||||||&#8221; header_2_font=&#8221;Akaya Kanadaka|600||on|||||&#8221; header_2_text_color=&#8221;#E02B20&#8243; header_2_font_size=&#8221;37px&#8221; header_2_letter_spacing=&#8221;3px&#8221; header_2_line_height=&#8221;1.8em&#8221; header_3_font=&#8221;||||||||&#8221; text_orientation=&#8221;center&#8221; global_colors_info=&#8221;{}&#8221;]<\/p>\n<h2>Quienes son mis personajes<\/h2>\n<p>[\/et_pb_text][\/et_pb_column][\/et_pb_row][et_pb_row column_structure=&#8221;1_3,1_3,1_3&#8243; _builder_version=&#8221;4.16&#8243; global_colors_info=&#8221;{}&#8221;][et_pb_column type=&#8221;1_3&#8243; _builder_version=&#8221;4.16&#8243; custom_padding=&#8221;|||&#8221; global_colors_info=&#8221;{}&#8221; custom_padding__hover=&#8221;|||&#8221;][et_pb_image src=&#8221;https:\/\/delrosariowebs.com\/wp-content\/uploads\/2024\/12\/Jose-.jpg&#8221; title_text=&#8221;Jos\u00e9-&#8221; _builder_version=&#8221;4.23.4&#8243; min_height=&#8221;100%&#8221; animation_style=&#8221;slide&#8221; animation_direction=&#8221;bottom&#8221; animation_intensity_slide=&#8221;30%&#8221; always_center_on_mobile=&#8221;off&#8221; global_colors_info=&#8221;{}&#8221;][\/et_pb_image][et_pb_blurb title=&#8221;Jos\u00e9&#8221; _builder_version=&#8221;4.23.4&#8243; header_font=&#8221;Akaya Kanadaka|700||on|||||&#8221; header_text_color=&#8221;#E02B20&#8243; header_font_size=&#8221;28px&#8221; header_letter_spacing=&#8221;3px&#8221; header_line_height=&#8221;1.4em&#8221; body_font=&#8221;||||||||&#8221; body_line_height=&#8221;1.8em&#8221; animation=&#8221;off&#8221; global_colors_info=&#8221;{}&#8221;]<\/p>\n<p>Aenean eu leo quam. ornare sem lacinia quam venenatis. Nullam quis risus eget urna mollis ornare<\/p>\n<p>[\/et_pb_blurb][\/et_pb_column][et_pb_column type=&#8221;1_3&#8243; _builder_version=&#8221;4.16&#8243; custom_padding=&#8221;|||&#8221; global_colors_info=&#8221;{}&#8221; custom_padding__hover=&#8221;|||&#8221;][et_pb_image src=&#8221;https:\/\/delrosariowebs.com\/wp-content\/uploads\/2024\/12\/Maria-.jpg&#8221; title_text=&#8221;Mar\u00eda-&#8221; _builder_version=&#8221;4.23.4&#8243; animation_style=&#8221;slide&#8221; animation_direction=&#8221;bottom&#8221; animation_delay=&#8221;100ms&#8221; animation_intensity_slide=&#8221;30%&#8221; always_center_on_mobile=&#8221;off&#8221; locked=&#8221;off&#8221; global_colors_info=&#8221;{}&#8221;][\/et_pb_image][et_pb_blurb title=&#8221;Mar\u00eda&#8221; _builder_version=&#8221;4.23.4&#8243; header_font=&#8221;Akaya Kanadaka|700||on|||||&#8221; header_text_color=&#8221;#E02B20&#8243; header_font_size=&#8221;28px&#8221; header_letter_spacing=&#8221;3px&#8221; header_line_height=&#8221;1.4em&#8221; body_font=&#8221;||||||||&#8221; body_line_height=&#8221;1.8em&#8221; animation=&#8221;off&#8221; locked=&#8221;off&#8221; global_colors_info=&#8221;{}&#8221;]<\/p>\n<p>Aenean eu leo quam. ornare sem lacinia quam venenatis. Nullam quis risus eget urna mollis ornare<\/p>\n<p>[\/et_pb_blurb][\/et_pb_column][et_pb_column type=&#8221;1_3&#8243; _builder_version=&#8221;4.16&#8243; custom_padding=&#8221;|||&#8221; global_colors_info=&#8221;{}&#8221; custom_padding__hover=&#8221;|||&#8221;][et_pb_image src=&#8221;https:\/\/delrosariowebs.com\/wp-content\/uploads\/2024\/12\/Carlos-.jpg&#8221; title_text=&#8221;Carlos-&#8221; _builder_version=&#8221;4.23.4&#8243; animation_style=&#8221;slide&#8221; animation_direction=&#8221;bottom&#8221; animation_delay=&#8221;300ms&#8221; animation_intensity_slide=&#8221;30%&#8221; always_center_on_mobile=&#8221;off&#8221; locked=&#8221;off&#8221; global_colors_info=&#8221;{}&#8221;][\/et_pb_image][et_pb_blurb title=&#8221;Carlos&#8221; _builder_version=&#8221;4.23.4&#8243; header_font=&#8221;Akaya Kanadaka|700||on|||||&#8221; header_text_color=&#8221;#E02B20&#8243; header_font_size=&#8221;28px&#8221; header_letter_spacing=&#8221;3px&#8221; header_line_height=&#8221;1.4em&#8221; body_font=&#8221;||||||||&#8221; body_line_height=&#8221;1.8em&#8221; animation=&#8221;off&#8221; locked=&#8221;off&#8221; global_colors_info=&#8221;{}&#8221;]<\/p>\n<p>Aenean eu leo quam. ornare sem lacinia quam venenatis. Nullam quis risus eget urna mollis ornare<\/p>\n<p>[\/et_pb_blurb][\/et_pb_column][\/et_pb_row][\/et_pb_section][et_pb_section fb_built=&#8221;1&#8243; admin_label=&#8221;Projects&#8221; _builder_version=&#8221;4.16&#8243; custom_padding=&#8221;54px|0px|0|0px|false|false&#8221; global_colors_info=&#8221;{}&#8221;][et_pb_row _builder_version=&#8221;4.16&#8243; custom_padding=&#8221;|||&#8221; global_colors_info=&#8221;{}&#8221;][et_pb_column type=&#8221;4_4&#8243; _builder_version=&#8221;4.16&#8243; custom_padding=&#8221;|||&#8221; global_colors_info=&#8221;{}&#8221; custom_padding__hover=&#8221;|||&#8221;][et_pb_text _builder_version=&#8221;4.23.4&#8243; text_font=&#8221;||||||||&#8221; header_font=&#8221;||||||||&#8221; header_2_font=&#8221;Akaya Kanadaka|600||on|||||&#8221; header_2_text_color=&#8221;#E02B20&#8243; header_2_font_size=&#8221;37px&#8221; header_2_letter_spacing=&#8221;3px&#8221; header_2_line_height=&#8221;1.8em&#8221; header_3_font=&#8221;||||||||&#8221; text_orientation=&#8221;center&#8221; global_colors_info=&#8221;{}&#8221;]<\/p>\n<h2>Escenario de camino al colmado<\/h2>\n<p>[\/et_pb_text][et_pb_image src=&#8221;https:\/\/delrosariowebs.com\/wp-content\/uploads\/2024\/12\/4-In-Game-Screen-El-Camino-al-Colmado.jpg&#8221; title_text=&#8221;4 &#8211; In Game Screen- El Camino al Colmado&#8221; _builder_version=&#8221;4.23.4&#8243; _module_preset=&#8221;default&#8221; global_colors_info=&#8221;{}&#8221;][\/et_pb_image][et_pb_text _builder_version=&#8221;4.23.4&#8243; text_font=&#8221;||||||||&#8221; header_font=&#8221;||||||||&#8221; header_2_font=&#8221;Akaya Kanadaka|600||on|||||&#8221; header_2_text_color=&#8221;#E02B20&#8243; header_2_font_size=&#8221;37px&#8221; header_2_letter_spacing=&#8221;3px&#8221; header_2_line_height=&#8221;1.8em&#8221; header_3_font=&#8221;||||||||&#8221; text_orientation=&#8221;center&#8221; global_colors_info=&#8221;{}&#8221;]<\/p>\n<h2>Testimonio de nuestros jugadores<\/h2>\n<p>[\/et_pb_text][\/et_pb_column][\/et_pb_row][\/et_pb_section][et_pb_section fb_built=&#8221;1&#8243; admin_label=&#8221;Testimonials&#8221; _builder_version=&#8221;4.16&#8243; global_colors_info=&#8221;{}&#8221;][et_pb_row column_structure=&#8221;1_3,1_3,1_3&#8243; _builder_version=&#8221;4.16&#8243; global_colors_info=&#8221;{}&#8221;][et_pb_column type=&#8221;1_3&#8243; _builder_version=&#8221;4.16&#8243; custom_padding=&#8221;|||&#8221; global_colors_info=&#8221;{}&#8221; custom_padding__hover=&#8221;|||&#8221;][et_pb_image src=&#8221;https:\/\/delrosariowebs.com\/wp-content\/uploads\/2024\/12\/portrait-square-10.jpg&#8221; show_bottom_space=&#8221;off&#8221; _builder_version=&#8221;4.16&#8243; max_width=&#8221;75px&#8221; border_radii=&#8221;on|200px|200px|200px|200px&#8221; always_center_on_mobile=&#8221;off&#8221; global_colors_info=&#8221;{}&#8221;][\/et_pb_image][et_pb_testimonial author=&#8221;Luis Del Rosario&#8221; quote_icon=&#8221;off&#8221; _builder_version=&#8221;4.23.4&#8243; body_font=&#8221;||||||||&#8221; body_line_height=&#8221;2em&#8221; use_background_color=&#8221;off&#8221; global_colors_info=&#8221;{}&#8221;]<\/p>\n<p>&#8220;Duis mollis, est non commodo luctus, nisi erat porttitor ligula, eget lacinia odio sem nec elit. Integer posuere erat a ante venenatis dapibus posuere velit aliquet.&#8221;<\/p>\n<p>[\/et_pb_testimonial][\/et_pb_column][et_pb_column type=&#8221;1_3&#8243; _builder_version=&#8221;4.16&#8243; custom_padding=&#8221;|||&#8221; global_colors_info=&#8221;{}&#8221; custom_padding__hover=&#8221;|||&#8221;][et_pb_image src=&#8221;https:\/\/delrosariowebs.com\/wp-content\/uploads\/2024\/12\/portrait-square-05.jpg&#8221; show_bottom_space=&#8221;off&#8221; _builder_version=&#8221;4.16&#8243; max_width=&#8221;75px&#8221; border_radii=&#8221;on|200px|200px|200px|200px&#8221; always_center_on_mobile=&#8221;off&#8221; locked=&#8221;off&#8221; global_colors_info=&#8221;{}&#8221;][\/et_pb_image][et_pb_testimonial author=&#8221;\u00c1ngel Collado&#8221; quote_icon=&#8221;off&#8221; _builder_version=&#8221;4.23.4&#8243; body_font=&#8221;||||||||&#8221; body_line_height=&#8221;2em&#8221; use_background_color=&#8221;off&#8221; global_colors_info=&#8221;{}&#8221;]<\/p>\n<p>&#8220;Duis mollis, est non commodo luctus, nisi erat porttitor ligula, eget lacinia odio sem nec elit. Integer posuere erat a ante venenatis dapibus posuere velit aliquet.&#8221;<\/p>\n<p>[\/et_pb_testimonial][\/et_pb_column][et_pb_column type=&#8221;1_3&#8243; _builder_version=&#8221;4.16&#8243; custom_padding=&#8221;|||&#8221; global_colors_info=&#8221;{}&#8221; custom_padding__hover=&#8221;|||&#8221;][et_pb_image src=&#8221;https:\/\/delrosariowebs.com\/wp-content\/uploads\/2024\/12\/portrait-square-06.jpg&#8221; show_bottom_space=&#8221;off&#8221; _builder_version=&#8221;4.16&#8243; max_width=&#8221;75px&#8221; border_radii=&#8221;on|200px|200px|200px|200px&#8221; always_center_on_mobile=&#8221;off&#8221; locked=&#8221;off&#8221; global_colors_info=&#8221;{}&#8221;][\/et_pb_image][et_pb_testimonial author=&#8221;Dorianny Castro&#8221; quote_icon=&#8221;off&#8221; _builder_version=&#8221;4.23.4&#8243; body_font=&#8221;||||||||&#8221; body_line_height=&#8221;2em&#8221; use_background_color=&#8221;off&#8221; global_colors_info=&#8221;{}&#8221;]<\/p>\n<p>&#8220;Duis mollis, est non commodo luctus, nisi erat porttitor ligula, eget lacinia odio sem nec elit. Integer posuere erat a ante venenatis dapibus posuere velit aliquet.&#8221;<\/p>\n<p>[\/et_pb_testimonial][\/et_pb_column][\/et_pb_row][\/et_pb_section]<\/p>\n","protected":false},"excerpt":{"rendered":"<p>Es un juego interactivo crea experiencias en el usuario que le permiten conocer la idiosincr\u00e1sio de dominicano. Disfrutar\u00e1s las peripecias que vive el dominicano com\u00f9n. No deje probar este juego. Una aventuras en 2D. Vive experiencias cotidianas y culturales y aprende sobre nosostros mientras completa misiones llenas de humor, aprendizaje y diversi\u00f3n. Nivel 1: &#8220;La [&hellip;]<\/p>\n","protected":false},"author":2,"featured_media":0,"parent":0,"menu_order":0,"comment_status":"closed","ping_status":"closed","template":"","meta":{"_et_pb_use_builder":"on","_et_pb_old_content":"","_et_gb_content_width":"","inline_featured_image":false,"footnotes":""},"_links":{"self":[{"href":"https:\/\/delrosariowebs.com\/index.php\/wp-json\/wp\/v2\/pages\/253"}],"collection":[{"href":"https:\/\/delrosariowebs.com\/index.php\/wp-json\/wp\/v2\/pages"}],"about":[{"href":"https:\/\/delrosariowebs.com\/index.php\/wp-json\/wp\/v2\/types\/page"}],"author":[{"embeddable":true,"href":"https:\/\/delrosariowebs.com\/index.php\/wp-json\/wp\/v2\/users\/2"}],"replies":[{"embeddable":true,"href":"https:\/\/delrosariowebs.com\/index.php\/wp-json\/wp\/v2\/comments?post=253"}],"version-history":[{"count":29,"href":"https:\/\/delrosariowebs.com\/index.php\/wp-json\/wp\/v2\/pages\/253\/revisions"}],"predecessor-version":[{"id":436,"href":"https:\/\/delrosariowebs.com\/index.php\/wp-json\/wp\/v2\/pages\/253\/revisions\/436"}],"wp:attachment":[{"href":"https:\/\/delrosariowebs.com\/index.php\/wp-json\/wp\/v2\/media?parent=253"}],"curies":[{"name":"wp","href":"https:\/\/api.w.org\/{rel}","templated":true}]}}